{"id":15,"date":"2014-10-16T14:52:25","date_gmt":"2014-10-16T12:52:25","guid":{"rendered":"http:\/\/niedermann-coaching.ch\/wordpress\/?page_id=15"},"modified":"2021-03-17T19:58:03","modified_gmt":"2021-03-17T18:58:03","slug":"partner","status":"publish","type":"page","link":"https:\/\/niedermann-coaching.ch\/en\/partner\/","title":{"rendered":"Partner"},"content":{"rendered":"<p><\/p>\n<h2>Network Partners<\/h2>\n<p><a href=\"http:\/\/coachingundberatung.ch\" target=\"_blank\" rel=\"noopener noreferrer\">Caroline Wilhelm, Wermatswil &amp; Zurich<\/a>\u00a0\u00a0Coaching in change processes<\/p>\n<p><a href=\"https:\/\/www.isabellezuppigerpersonal.ch\/\">Dr. Isabelle Zuppiger,\u00a0 Rapperswil &amp; Luzern<\/a>\u00a0 Personal management &amp; development for companies and individuals<\/p>\n<p><a href=\"http:\/\/www.praxis-zur-lerche.ch\" target=\"_blank\" rel=\"noopener noreferrer\">Christoph Good, Winterthur<\/a>\u00a0 Career- and organisational advice<\/p>\n<p><a title=\"Angelika Borrisov Sidler, Z\u00fcrich\" href=\"http:\/\/www.livingcorp.ch\" target=\"_blank\" rel=\"noopener noreferrer\">Angelika Borrisov Sidler,\u00a0 Z\u00fcrich<\/a>\u00a0\u00a0Career balance, personal assessment and EQ optimisation<\/p>\n<p><a href=\"http:\/\/www.awareman.ch\" target=\"_blank\" rel=\"noopener noreferrer\">Dr. Claudio Weiss, Adligenswil<\/a>\u00a0\u00a0Awareness management, leadership\u00a0\u00a0&amp; professional advice<\/p>\n<p><a href=\"http:\/\/bullinger-ivpz.ch\/de\/\" target=\"_blank\" rel=\"noopener noreferrer\">Michael Bullinger, Z\u00fcrich<\/a>\u00a0 Bullinger Institute for negotiation processes Zurich<\/p>\n<p><a title=\"Nicole Thommen, Z\u00fcrich\" href=\"http:\/\/www.wisdom-incorporated.com\" target=\"_blank\" rel=\"noopener noreferrer\">Nicole Thommen,\u00a0 Z\u00fcrich<\/a>\u00a0 Coaching, stress prevention,\u00a0\u00a0spiritual &amp; business consultancy<\/p>\n<p><a title=\"Ria Eugster, St\u00e4fa\" href=\"http:\/\/www.coacheria.ch\" target=\"_blank\" rel=\"noopener noreferrer\">Ria Eugster,\u00a0 St\u00e4fa<\/a>\u00a0 Successful relationships and zest for life<\/p>\n<p><a title=\"Roswitha Reichart, Wolfhausen\" href=\"http:\/\/www.praxis-reichart.ch\" target=\"_blank\" rel=\"noopener noreferrer\">Roswitha Reichart,\u00a0 Wolfhausen<\/a>\u00a0 Homeopathic supported psychology<\/p>\n<h2>Membership<\/h2>\n<p style=\"text-align: justify;\"><a title=\"Kaufm\u00e4nnischer Verband, Z\u00fcrich\" href=\"http:\/\/www.kvz.ch\" target=\"_blank\" rel=\"noopener noreferrer\">Kaufm\u00e4nnischer Verband, Zurich<\/a><\/p>\n<p style=\"text-align: justify;\"><a title=\"Club f\u00fcr F\u00fchrungsfragen, Z\u00fcrich\" href=\"http:\/\/www.leadcircle.ch\" target=\"_blank\" rel=\"noopener noreferrer\">Club f\u00fcr F\u00fchrungsfragen, Zurich<\/a><\/p>\n<p><a title=\"Business &amp; Professional Women, Rapperswil\" href=\"http:\/\/www.bpw-rapperswil.ch\" target=\"_blank\" rel=\"noopener noreferrer\">Business &amp; Professional Women, Rapperswil<\/a><\/p>","protected":false},"excerpt":{"rendered":"<p>Network Partners Caroline Wilhelm, Wermatswil &amp; Zurich\u00a0\u00a0Coaching in change processes Dr. Isabelle Zuppiger,\u00a0 Rapperswil &amp; Luzern\u00a0 Personal management &amp; development for companies and individuals Christoph Good, Winterthur\u00a0 Career- and organisational advice Angelika Borrisov Sidler,\u00a0 Z\u00fcrich\u00a0\u00a0Career balance, personal assessment and EQ optimisation Dr. Claudio Weiss, Adligenswil\u00a0\u00a0Awareness management, leadership\u00a0\u00a0&amp; professional advice Michael Bullinger, Z\u00fcrich\u00a0 Bullinger Institute for &hellip; <a href=\"https:\/\/niedermann-coaching.ch\/en\/partner\/\" class=\"more-link\">Continue reading <span class=\"screen-reader-text\">Partner<\/span> <span class=\"meta-nav\">&rarr;<\/span><\/a><\/p>\n","protected":false},"author":2,"featured_media":122,"parent":0,"menu_order":5,"comment_status":"closed","ping_status":"closed","template":"","meta":{"_exactmetrics_skip_tracking":false,"_exactmetrics_sitenote_active":false,"_exactmetrics_sitenote_note":"","_exactmetrics_sitenote_category":0,"jetpack_post_was_ever_published":false,"footnotes":""},"class_list":["post-15","page","type-page","status-publish","has-post-thumbnail","hentry"],"aioseo_notices":[],"jetpack_sharing_enabled":true,"jetpack_shortlink":"https:\/\/wp.me\/P5AfJc-f","_links":{"self":[{"href":"https:\/\/niedermann-coaching.ch\/en\/wp-json\/wp\/v2\/pages\/15","targetHints":{"allow":["GET"]}}],"collection":[{"href":"https:\/\/niedermann-coaching.ch\/en\/wp-json\/wp\/v2\/pages"}],"about":[{"href":"https:\/\/niedermann-coaching.ch\/en\/wp-json\/wp\/v2\/types\/page"}],"author":[{"embeddable":true,"href":"https:\/\/niedermann-coaching.ch\/en\/wp-json\/wp\/v2\/users\/2"}],"replies":[{"embeddable":true,"href":"https:\/\/niedermann-coaching.ch\/en\/wp-json\/wp\/v2\/comments?post=15"}],"version-history":[{"count":54,"href":"https:\/\/niedermann-coaching.ch\/en\/wp-json\/wp\/v2\/pages\/15\/revisions"}],"predecessor-version":[{"id":2530,"href":"https:\/\/niedermann-coaching.ch\/en\/wp-json\/wp\/v2\/pages\/15\/revisions\/2530"}],"wp:featuredmedia":[{"embeddable":true,"href":"https:\/\/niedermann-coaching.ch\/en\/wp-json\/wp\/v2\/media\/122"}],"wp:attachment":[{"href":"https:\/\/niedermann-coaching.ch\/en\/wp-json\/wp\/v2\/media?parent=15"}],"curies":[{"name":"wp","href":"https:\/\/api.w.org\/{rel}","templated":true}]}}